{"id":19,"date":"2019-06-19T17:32:30","date_gmt":"2019-06-19T15:32:30","guid":{"rendered":"https:\/\/onsemeenscene.com\/?page_id=19"},"modified":"2024-09-03T21:00:52","modified_gmt":"2024-09-03T19:00:52","slug":"nos-spectacles","status":"publish","type":"page","link":"https:\/\/onsemeenscene.com\/","title":{"rendered":"Nos spectacles"},"content":{"rendered":"\n<p><\/p>\n\n\n\n<p class=\"has-text-align-center is-style-default has-large-font-size\" style=\"padding-top:var(--wp--preset--spacing--60);padding-bottom:var(--wp--preset--spacing--60)\"><em>On S\u00e8me en Sc\u00e8ne regroupe des com\u00e9diens et musiciens avec de nombreux projets qui ont pour point commun la sc\u00e8ne et le plaisir de partager !<\/em><\/p>\n\n\n\n<div class=\"alignnormal\"><div id=\"metaslider-id-124\" style=\"width: 100%; margin: 0 auto;\" class=\"ml-slider-3-100-1 metaslider metaslider-flex metaslider-124 ml-slider ms-theme-default nav-hidden\" role=\"region\" aria-label=\"Affiches\" data-height=\"200\" data-width=\"300\">\n    <div id=\"metaslider_container_124\">\n        <div id=\"metaslider_124\">\n            <ul class='slides'>\n                <li style=\"display: block; width: 100%;\" class=\"slide-132 ms-image \" aria-roledescription=\"slide\" data-date=\"2024-09-03 20:47:27\"><img loading=\"lazy\" decoding=\"async\" width=\"1000\" height=\"1414\" src=\"https:\/\/onsemeenscene.com\/wp-content\/uploads\/2024\/09\/Affiche-rougenoirignorant-Barraca.webp\" class=\"slider-124 slide-132 msDefaultImage\" alt=\"\" rel=\"\" title=\"Affiche-rougenoirignorant-Barraca\" \/><\/li>\n                <li style=\"display: none; width: 100%;\" class=\"slide-125 ms-image \" aria-roledescription=\"slide\" data-date=\"2024-09-03 20:47:27\"><img loading=\"lazy\" decoding=\"async\" width=\"1000\" height=\"1401\" src=\"https:\/\/onsemeenscene.com\/wp-content\/uploads\/2024\/09\/affiche-Constant.webp\" class=\"slider-124 slide-125 msDefaultImage\" alt=\"\" rel=\"\" title=\"affiche-Constant\" \/><\/li>\n                <li style=\"display: none; width: 100%;\" class=\"slide-129 ms-image \" aria-roledescription=\"slide\" data-date=\"2024-09-03 20:47:27\"><img loading=\"lazy\" decoding=\"async\" width=\"1000\" height=\"1414\" src=\"https:\/\/onsemeenscene.com\/wp-content\/uploads\/2024\/09\/Affiche-Jacque-et-la-soumission.webp\" class=\"slider-124 slide-129 msDefaultImage\" alt=\"\" rel=\"\" title=\"Affiche-Jacque-et-la-soumission\" \/><\/li>\n                <li style=\"display: none; width: 100%;\" class=\"slide-126 ms-image \" aria-roledescription=\"slide\" data-date=\"2024-09-03 20:47:27\"><img loading=\"lazy\" decoding=\"async\" width=\"1000\" height=\"1414\" src=\"https:\/\/onsemeenscene.com\/wp-content\/uploads\/2024\/09\/affiche-duoM-20200312.webp\" class=\"slider-124 slide-126 msDefaultImage\" alt=\"\" rel=\"\" title=\"affiche-duoM-20200312\" \/><\/li>\n                <li style=\"display: none; width: 100%;\" class=\"slide-131 ms-image \" aria-roledescription=\"slide\" data-date=\"2024-09-03 20:47:27\"><img loading=\"lazy\" decoding=\"async\" width=\"1000\" height=\"1414\" src=\"https:\/\/onsemeenscene.com\/wp-content\/uploads\/2024\/09\/Affiche-LVES.webp\" class=\"slider-124 slide-131 msDefaultImage\" alt=\"\" rel=\"\" title=\"Affiche-LVES\" \/><\/li>\n                <li style=\"display: none; width: 100%;\" class=\"slide-128 ms-image \" aria-roledescription=\"slide\" data-date=\"2024-09-03 20:47:27\"><img loading=\"lazy\" decoding=\"async\" width=\"1000\" height=\"1477\" src=\"https:\/\/onsemeenscene.com\/wp-content\/uploads\/2024\/09\/Affiche-Hot-House-2023-ICAM-v1.webp\" class=\"slider-124 slide-128 msDefaultImage\" alt=\"\" rel=\"\" title=\"Affiche-Hot-House-2023-ICAM-v1\" \/><\/li>\n                <li style=\"display: none; width: 100%;\" class=\"slide-127 ms-image \" aria-roledescription=\"slide\" data-date=\"2024-09-03 20:47:27\"><img loading=\"lazy\" decoding=\"async\" width=\"1000\" height=\"1414\" src=\"https:\/\/onsemeenscene.com\/wp-content\/uploads\/2024\/09\/Affiche-DuoM-20190614.webp\" class=\"slider-124 slide-127 msDefaultImage\" alt=\"\" rel=\"\" title=\"Affiche-DuoM-20190614\" \/><\/li>\n                <li style=\"display: none; width: 100%;\" class=\"slide-130 ms-image \" aria-roledescription=\"slide\" data-date=\"2024-09-03 20:47:27\"><img loading=\"lazy\" decoding=\"async\" width=\"1000\" height=\"1414\" src=\"https:\/\/onsemeenscene.com\/wp-content\/uploads\/2024\/09\/Affiche-Jacques-et-son-maitre.webp\" class=\"slider-124 slide-130 msDefaultImage\" alt=\"\" rel=\"\" title=\"Affiche-Jacques-et-son-maitre\" \/><\/li>\n            <\/ul>\n        <\/div>\n        \n    <\/div>\n<\/div><\/div>\n","protected":false},"excerpt":{"rendered":"<p>On S\u00e8me en Sc\u00e8ne regroupe des com\u00e9diens et musiciens avec de nombreux projets qui ont pour point commun la sc\u00e8ne et le plaisir de partager !<\/p>\n","protected":false},"author":1,"featured_media":0,"parent":0,"menu_order":0,"comment_status":"closed","ping_status":"closed","template":"","meta":{"_coblocks_attr":"","_coblocks_dimensions":"","_coblocks_responsive_height":"","_coblocks_accordion_ie_support":"","ngg_post_thumbnail":0,"hide_page_title":"","footnotes":""},"class_list":["post-19","page","type-page","status-publish","hentry"],"_links":{"self":[{"href":"https:\/\/onsemeenscene.com\/index.php?rest_route=\/wp\/v2\/pages\/19","targetHints":{"allow":["GET"]}}],"collection":[{"href":"https:\/\/onsemeenscene.com\/index.php?rest_route=\/wp\/v2\/pages"}],"about":[{"href":"https:\/\/onsemeenscene.com\/index.php?rest_route=\/wp\/v2\/types\/page"}],"author":[{"embeddable":true,"href":"https:\/\/onsemeenscene.com\/index.php?rest_route=\/wp\/v2\/users\/1"}],"replies":[{"embeddable":true,"href":"https:\/\/onsemeenscene.com\/index.php?rest_route=%2Fwp%2Fv2%2Fcomments&post=19"}],"version-history":[{"count":4,"href":"https:\/\/onsemeenscene.com\/index.php?rest_route=\/wp\/v2\/pages\/19\/revisions"}],"predecessor-version":[{"id":139,"href":"https:\/\/onsemeenscene.com\/index.php?rest_route=\/wp\/v2\/pages\/19\/revisions\/139"}],"wp:attachment":[{"href":"https:\/\/onsemeenscene.com\/index.php?rest_route=%2Fwp%2Fv2%2Fmedia&parent=19"}],"curies":[{"name":"wp","href":"https:\/\/api.w.org\/{rel}","templated":true}]}}